{"id":9,"date":"2016-05-28T17:47:53","date_gmt":"2016-05-28T15:47:53","guid":{"rendered":"http:\/\/karlgrelet.com\/blog\/?page_id=9"},"modified":"2023-01-10T17:45:43","modified_gmt":"2023-01-10T16:45:43","slug":"accueil","status":"publish","type":"page","link":"http:\/\/karlgrelet.com\/blog\/","title":{"rendered":"Accueil"},"content":{"rendered":"<p>Karl Grelet est n\u00e9 en 1972 \u00e0 Nantes o\u00f9 il vit et travaille.<br \/>\nPhotographe autodidacte, il s\u2019est sp\u00e9cialis\u00e9 dans le noir et blanc. A l\u2019heure de la r\u00e9volution num\u00e9rique, il utilise un appareil photographique argentique dont le premier exemplaire a \u00e9t\u00e9 fabriqu\u00e9 en 1948. Il d\u00e9veloppe et tire ses n\u00e9gatifs chez lui, dans sa cuisine. Dans la chambre noire, le proc\u00e9d\u00e9 \u00ab Lith \u00bb renforce les contrastes, accentue le grain et explore une nouvelle dimension de l\u2019image.<br \/>\n\u00ab Une \u00e9motion, un geste, un regard\u2026 L\u2019\u00e9mulsion sensible r\u00e9v\u00e8le un instant \u00e9ph\u00e9m\u00e8re, le d\u00e9cor et une lumi\u00e8re crue dessinent l\u2019atmosph\u00e8re. \u00bb<\/p>\n<p><em><strong>R\u00e9alisations<\/strong> :<\/em><br \/>\n\u2022 Carlos Nunez : \u00ab Un galicien en Bretagne \u00bb (Sony Music)<br \/>\n\u2022 Nantes femmes : Portraits de Sophie Marinopoulos et Patrick Cornillet<\/p>\n<p><em><strong>\u00a0Publications<\/strong> :<\/em><br \/>\n\u2022 R\u00e9ponses photo<br \/>\n\u2022 Le magazine de la Photo<\/p>\n<p><em><strong>Expositions<\/strong> :<\/em><br \/>\n\u2022 Septembre \u2013 Octobre 2020 : Galerie Espace 18, Nantes<br \/>\n\u2022\u00a0Mai 2017 : Ch\u00e2teau de la Groulais, Blain<br \/>\n\u2022\u00a0Avril 2016 : Le Temple du go\u00fbt, Nantes<br \/>\n\u2022 Janvier &#8211; F\u00e9vrier 2016 : M\u00e9diath\u00e8que, Pontch\u00e2teau<br \/>\n\u2022 D\u00e9cembre 2015 : Galerie L\u2019\u00e9pi, Ingrandes sur Loire<br \/>\n\u2022 Septembre 2015 : Galerie L\u2019\u00e9pi, Ingrandes sur Loire<br \/>\n\u2022 F\u00e9vrier 2014 : Manoir des renaudi\u00e8res, Carquefou<br \/>\n\u2022 D\u00e9cembre 2013 &#8211; F\u00e9vrier 2014 : Galerie Lo\u00efc Vall\u00e9e, Nantes<br \/>\n\u2022 Novembre 2009 : Festival photo, Pont Saint Martin<br \/>\n\u2022 Avril 2008 : Festival photo, Varades<br \/>\n\u2022 Novembre 2007 &#8211; Janvier 2008 : 5th Avenue by\u2026, Nantes<br \/>\n\u2022 Mars 2007 : SCE &#8211; FIT Conseil, Nantes<br \/>\n\u2022 Avril &#8211; Mai 2006 : Le Racine, Nantes<br \/>\n\u2022 Avril &#8211; Mai 2005 : T\u2019Chick, Nantes<br \/>\n\u2022 2004 &#8211; 2020 : Une vingtaine d\u2019expositions collectives<\/p>\n<p>Contact : <a href=\"mailto:karl@karlgrelet.com\">karl@karlgrelet.com<\/a><br \/>\nwww.karlgrelet.com<\/p>\n","protected":false},"excerpt":{"rendered":"<p>Karl Grelet est n\u00e9 en 1972 \u00e0 Nantes o\u00f9 il vit et travaille. Photographe autodidacte, il s\u2019est sp\u00e9cialis\u00e9 dans le noir et blanc. A l\u2019heure de la r\u00e9volution num\u00e9rique, il utilise un appareil photographique argentique dont le premier exemplaire a \u00e9t\u00e9 fabriqu\u00e9 en 1948. Il d\u00e9veloppe et tire ses n\u00e9gatifs chez lui, dans sa cuisine. [&hellip;]<\/p>\n","protected":false},"author":1,"featured_media":0,"parent":0,"menu_order":0,"comment_status":"closed","ping_status":"closed","template":"","meta":[],"_links":{"self":[{"href":"http:\/\/karlgrelet.com\/blog\/wp-json\/wp\/v2\/pages\/9"}],"collection":[{"href":"http:\/\/karlgrelet.com\/blog\/wp-json\/wp\/v2\/pages"}],"about":[{"href":"http:\/\/karlgrelet.com\/blog\/wp-json\/wp\/v2\/types\/page"}],"author":[{"embeddable":true,"href":"http:\/\/karlgrelet.com\/blog\/wp-json\/wp\/v2\/users\/1"}],"replies":[{"embeddable":true,"href":"http:\/\/karlgrelet.com\/blog\/wp-json\/wp\/v2\/comments?post=9"}],"version-history":[{"count":30,"href":"http:\/\/karlgrelet.com\/blog\/wp-json\/wp\/v2\/pages\/9\/revisions"}],"predecessor-version":[{"id":465,"href":"http:\/\/karlgrelet.com\/blog\/wp-json\/wp\/v2\/pages\/9\/revisions\/465"}],"wp:attachment":[{"href":"http:\/\/karlgrelet.com\/blog\/wp-json\/wp\/v2\/media?parent=9"}],"curies":[{"name":"wp","href":"https:\/\/api.w.org\/{rel}","templated":true}]}}